{"id":1318,"date":"2026-01-13T14:25:08","date_gmt":"2026-01-13T12:25:08","guid":{"rendered":"https:\/\/testing-inspection.ro\/home\/"},"modified":"2026-01-20T11:13:08","modified_gmt":"2026-01-20T09:13:08","slug":"home","status":"publish","type":"page","link":"https:\/\/testing-inspection.ro\/ro\/","title":{"rendered":"Home"},"content":{"rendered":"<div data-elementor-type=\"wp-page\" data-elementor-id=\"1318\" class=\"elementor elementor-1318\">\n\t\t\t\t<div class=\"elementor-element elementor-element-9e1a3b7 e-flex e-con-boxed e-con e-parent\" data-id=\"9e1a3b7\" data-element_type=\"container\" data-e-type=\"container\" data-settings=\"{&quot;background_background&quot;:&quot;classic&quot;}\">\n\t\t\t\t\t<div class=\"e-con-inner\">\n\t\t<div class=\"elementor-element elementor-element-8f73ee5 e-con-full e-flex e-con e-child\" data-id=\"8f73ee5\" data-element_type=\"container\" data-e-type=\"container\">\n\t\t\t\t<div class=\"elementor-element elementor-element-4a02dab elementor-widget elementor-widget-heading\" data-id=\"4a02dab\" data-element_type=\"widget\" data-e-type=\"widget\" data-widget_type=\"heading.default\">\n\t\t\t\t<div class=\"elementor-widget-container\">\n\t\t\t\t\t<h1 class=\"elementor-heading-title elementor-size-default\">Adev\u0103rul este confirmat prin inspec\u021bie...<\/h1>\t\t\t\t<\/div>\n\t\t\t\t<\/div>\n\t\t\t\t<div class=\"elementor-element elementor-element-e46045d elementor-widget elementor-widget-text-editor\" data-id=\"e46045d\" data-element_type=\"widget\" data-e-type=\"widget\" data-widget_type=\"text-editor.default\">\n\t\t\t\t<div class=\"elementor-widget-container\">\n\t\t\t\t\t\t\t\t\t<p><em>\u201eAdev\u0103rul este confirmat prin inspec\u021bie \u0219i \u00eent\u00e2rziere; falsitatea prin grab\u0103 \u0219i incertitudine.\u201d  \u2013 Tacitus<\/em><\/p>\t\t\t\t\t\t\t\t<\/div>\n\t\t\t\t<\/div>\n\t\t\t\t<div class=\"elementor-element elementor-element-770d453 elementor-widget elementor-widget-text-editor\" data-id=\"770d453\" data-element_type=\"widget\" data-e-type=\"widget\" data-widget_type=\"text-editor.default\">\n\t\t\t\t<div class=\"elementor-widget-container\">\n\t\t\t\t\t\t\t\t\tTIS Testing and Inspection Service Ltd. ofer\u0103 asisten\u021b\u0103 complet\u0103 pe parcursul \u00eentregului proces contractual, furniz\u00e2nd servicii independente, precise \u0219i fiabile de inspec\u021bie, testare \u0219i supraveghere.\t\t\t\t\t\t\t\t<\/div>\n\t\t\t\t<\/div>\n\t\t\t\t<\/div>\n\t\t\t\t\t<\/div>\n\t\t\t\t<\/div>\n\t\t<div class=\"elementor-element elementor-element-8213020 e-flex e-con-boxed e-con e-parent\" data-id=\"8213020\" data-element_type=\"container\" data-e-type=\"container\">\n\t\t\t\t\t<div class=\"e-con-inner\">\n\t\t\t\t<div class=\"elementor-element elementor-element-09845f4 elementor-widget elementor-widget-heading\" data-id=\"09845f4\" data-element_type=\"widget\" data-e-type=\"widget\" data-widget_type=\"heading.default\">\n\t\t\t\t<div class=\"elementor-widget-container\">\n\t\t\t\t\t<h2 class=\"elementor-heading-title elementor-size-default\">Serviciile noastre includ:<\/h2>\t\t\t\t<\/div>\n\t\t\t\t<\/div>\n\t\t\t\t<div class=\"elementor-element elementor-element-6d35b6f elementor-widget elementor-widget-text-editor\" data-id=\"6d35b6f\" data-element_type=\"widget\" data-e-type=\"widget\" data-widget_type=\"text-editor.default\">\n\t\t\t\t<div class=\"elementor-widget-container\">\n\t\t\t\t\t\t\t\t\t<ul><li class=\"translation-block\">Inspec\u021bii interne <strong>\u00eenainte de expediere<\/strong> (silozuri, depozite, terminale)<\/li><li class=\"translation-block\"><strong>Efectueaz\u0103 inspec\u021bii de adecvare<\/strong> pentru m\u0103rfurile nominalizate<\/li><li><strong>Studii preliminare \u0219i studii privind volumul liber<\/strong><\/li><li class=\"translation-block\"><strong>Supravegherea c\u00e2nt\u0103ririi<\/strong> pentru camioane \u0219i vagoane de cale ferat\u0103<\/li><li><strong>Supravegherea \u00eenc\u0103rc\u0103rii \u0219i desc\u0103rc\u0103rii<\/strong><\/li><li class=\"translation-block\">Monitorizarea continu\u0103 a opera\u021biunilor de manipulare a m\u0103rfurilor<\/li><li><strong>Contabilizarea \u0219i controlul stocurilor<\/strong><\/li><li class=\"translation-block\"><strong>Raportarea periodic\u0103<\/strong> a activit\u0103\u021bilor de \u00eenc\u0103rcare \u0219i desc\u0103rcare<\/li><li class=\"translation-block\">Documenta\u021bie fotografic\u0103 complet\u0103<\/li><li class=\"translation-block\">Emiterea de <strong>scrisori de protest<\/strong><\/li><li class=\"translation-block\"><strong>Supravegherea fumiga\u021biei<\/strong> \u00een conformitate cu GAFTA, FOSFA \u0219i standardele interna\u021bionale<\/li><li class=\"translation-block\">Servicii de <strong>control al calit\u0103\u021bii<\/strong><\/li><li class=\"translation-block\"><strong>Prelevarea de probe pe parcursul opera\u021biunilor de \u00eenc\u0103rcare \u0219i desc\u0103rcare<\/strong>, \u00een conformitate cu standardele ISO aplicabile, inclusiv preg\u0103tirea corespunz\u0103toare a probelor<\/li><li class=\"translation-block\"><strong>Expedierea probelor<\/strong> prin curier special, la cerere<\/li><li class=\"translation-block\"><strong>Analiza fizic\u0103 la fa\u021ba locului \u00een timpul \u00eenc\u0103rc\u0103rii<\/strong>, care permite alerte imediate \u00een cazul abaterilor de la specifica\u021biile contractuale (ISO, GAFTA, FOSFA)<\/li><li class=\"translation-block\"><strong>Analiza chimic\u0103 \u0219i tehnologic\u0103<\/strong> efectuat\u0103 \u00een laboratoare acreditate, \u00een conformitate cu standardele ISO, GAFTA \u0219i FOSFA.<\/li><li class=\"translation-block\"><strong>Eliberarea certificatelor bancare interna\u021bionale<\/strong> \u00een conformitate cu regulile GAFTA \u0219i FOSFA<\/li><li class=\"translation-block\">Orice <strong>servicii suplimentare de inspec\u021bie sau testare<\/strong> solicitate de clien\u021bi \u0219i stipulate \u00een acordurile contractuale<\/li><\/ul>\t\t\t\t\t\t\t\t<\/div>\n\t\t\t\t<\/div>\n\t\t\t\t\t<\/div>\n\t\t\t\t<\/div>\n\t\t<div class=\"elementor-element elementor-element-5463e7c e-flex e-con-boxed e-con e-parent\" data-id=\"5463e7c\" data-element_type=\"container\" data-e-type=\"container\">\n\t\t\t\t\t<div class=\"e-con-inner\">\n\t\t\t\t<div class=\"elementor-element elementor-element-65d1862 elementor-widget elementor-widget-heading\" data-id=\"65d1862\" data-element_type=\"widget\" data-e-type=\"widget\" data-widget_type=\"heading.default\">\n\t\t\t\t<div class=\"elementor-widget-container\">\n\t\t\t\t\t<h2 class=\"elementor-heading-title elementor-size-default\">Expertiz\u0103 profesional\u0103 \u0219i raportare<\/h2>\t\t\t\t<\/div>\n\t\t\t\t<\/div>\n\t\t\t\t<div class=\"elementor-element elementor-element-4fd404f elementor-widget elementor-widget-text-editor\" data-id=\"4fd404f\" data-element_type=\"widget\" data-e-type=\"widget\" data-widget_type=\"text-editor.default\">\n\t\t\t\t<div class=\"elementor-widget-container\">\n\t\t\t\t\t\t\t\t\t<p class=\"translation-block\">To\u021bi inspectorii sunt echipa\u021bi cu <strong>echipamente mobile moderne<\/strong> pentru prelevarea de probe, analiz\u0103 \u0219i comunicare \u00een timp real. Acest lucru permite notificarea imediat\u0103 a clien\u021bilor cu privire la orice discrepan\u021be, contamin\u0103ri, deterior\u0103ri sau nereguli identificate \u00een timpul opera\u021biunilor de pre-inspec\u021bie, \u00eenc\u0103rcare sau desc\u0103rcare.<\/p><p class=\"translation-block\">Rapoarte de inspec\u021bie complete, incluz\u00e2nd dovezi fotografice digitale, sunt emise \u0219i livrate prin e-mail imediat dup\u0103 finalizarea fiec\u0103rei misiuni.<\/p>\t\t\t\t\t\t\t\t<\/div>\n\t\t\t\t<\/div>\n\t\t\t\t\t<\/div>\n\t\t\t\t<\/div>\n\t\t<div class=\"elementor-element elementor-element-59ff92d e-flex e-con-boxed e-con e-parent\" data-id=\"59ff92d\" data-element_type=\"container\" data-e-type=\"container\">\n\t\t\t\t\t<div class=\"e-con-inner\">\n\t\t\t\t<div class=\"elementor-element elementor-element-3628a70 elementor-widget elementor-widget-heading\" data-id=\"3628a70\" data-element_type=\"widget\" data-e-type=\"widget\" data-widget_type=\"heading.default\">\n\t\t\t\t<div class=\"elementor-widget-container\">\n\t\t\t\t\t<h2 class=\"elementor-heading-title elementor-size-default\">Servicii maritime \u0219i de transport maritim<\/h2>\t\t\t\t<\/div>\n\t\t\t\t<\/div>\n\t\t\t\t<div class=\"elementor-element elementor-element-3b804aa elementor-widget elementor-widget-text-editor\" data-id=\"3b804aa\" data-element_type=\"widget\" data-e-type=\"widget\" data-widget_type=\"text-editor.default\">\n\t\t\t\t<div class=\"elementor-widget-container\">\n\t\t\t\t\t\t\t\t\t<p class=\"translation-block\">Testing and Inspection Service ofer\u0103, de asemenea, o gam\u0103 complet\u0103 de <strong>servicii maritime<\/strong>, asigur\u00e2nd:<\/p><ul><li class=\"translation-block\">Determinarea precis\u0103 a greut\u0103\u021bii \u00eenc\u0103rc\u0103turii<\/li><li class=\"translation-block\">Evaluarea corect\u0103 a <strong>condi\u021biilor de depozitare<\/strong><\/li><li>Verificarea procedurilor de manipulare aplicate pe tot parcursul lan\u021bului logistic<\/li><\/ul><p class=\"translation-block\">Angajamentul nostru este s\u0103 oferim <strong>precizie, transparen\u021b\u0103 \u0219i \u00eencredere<\/strong> \u00een fiecare inspec\u021bie.<\/p>\t\t\t\t\t\t\t\t<\/div>\n\t\t\t\t<\/div>\n\t\t\t\t\t<\/div>\n\t\t\t\t<\/div>\n\t\t\t\t<\/div>","protected":false},"excerpt":{"rendered":"<p>Truth is confirmed by inspection&#8230; \u201cTruth is confirmed by inspection and delay; falsehood by haste and uncertainty.\u201d\u00a0 &#8211; Tacitus TIS Testing and Inspection Service Ltd. provides complete assistance throughout the entire contractual process, delivering independent, accurate, and reliable inspection, testing, and supervision services. Our services include: Inland pre-shipment inspections (silos, warehouses, terminals) Holds suitability inspections [&hellip;]<\/p>","protected":false},"author":1,"featured_media":0,"parent":0,"menu_order":0,"comment_status":"closed","ping_status":"closed","template":"","meta":{"site-sidebar-layout":"no-sidebar","site-content-layout":"page-builder","ast-site-content-layout":"default","site-content-style":"default","site-sidebar-style":"default","ast-global-header-display":"","ast-banner-title-visibility":"","ast-main-header-display":"","ast-hfb-above-header-display":"","ast-hfb-below-header-display":"","ast-hfb-mobile-header-display":"","site-post-title":"disabled","ast-breadcrumbs-content":"","ast-featured-img":"disabled","footer-sml-layout":"","ast-disable-related-posts":"","theme-transparent-header-meta":"enabled","adv-header-id-meta":"","stick-header-meta":"","header-above-stick-meta":"","header-main-stick-meta":"","header-below-stick-meta":"","astra-migrate-meta-layouts":"default","ast-page-background-enabled":"default","ast-page-background-meta":{"desktop":{"background-color":"var(--ast-global-color-4)","background-image":"","background-repeat":"repeat","background-position":"center center","background-size":"auto","background-attachment":"scroll","background-type":"","background-media":"","overlay-type":"","overlay-color":"","overlay-opacity":"","overlay-gradient":""},"tablet":{"background-color":"","background-image":"","background-repeat":"repeat","background-position":"center center","background-size":"auto","background-attachment":"scroll","background-type":"","background-media":"","overlay-type":"","overlay-color":"","overlay-opacity":"","overlay-gradient":""},"mobile":{"background-color":"","background-image":"","background-repeat":"repeat","background-position":"center center","background-size":"auto","background-attachment":"scroll","background-type":"","background-media":"","overlay-type":"","overlay-color":"","overlay-opacity":"","overlay-gradient":""}},"ast-content-background-meta":{"desktop":{"background-color":"var(--ast-global-color-5)","background-image":"","background-repeat":"repeat","background-position":"center center","background-size":"auto","background-attachment":"scroll","background-type":"","background-media":"","overlay-type":"","overlay-color":"","overlay-opacity":"","overlay-gradient":""},"tablet":{"background-color":"var(--ast-global-color-5)","background-image":"","background-repeat":"repeat","background-position":"center center","background-size":"auto","background-attachment":"scroll","background-type":"","background-media":"","overlay-type":"","overlay-color":"","overlay-opacity":"","overlay-gradient":""},"mobile":{"background-color":"var(--ast-global-color-5)","background-image":"","background-repeat":"repeat","background-position":"center center","background-size":"auto","background-attachment":"scroll","background-type":"","background-media":"","overlay-type":"","overlay-color":"","overlay-opacity":"","overlay-gradient":""}},"footnotes":""},"class_list":["post-1318","page","type-page","status-publish","hentry"],"_links":{"self":[{"href":"https:\/\/testing-inspection.ro\/ro\/wp-json\/wp\/v2\/pages\/1318","targetHints":{"allow":["GET"]}}],"collection":[{"href":"https:\/\/testing-inspection.ro\/ro\/wp-json\/wp\/v2\/pages"}],"about":[{"href":"https:\/\/testing-inspection.ro\/ro\/wp-json\/wp\/v2\/types\/page"}],"author":[{"embeddable":true,"href":"https:\/\/testing-inspection.ro\/ro\/wp-json\/wp\/v2\/users\/1"}],"replies":[{"embeddable":true,"href":"https:\/\/testing-inspection.ro\/ro\/wp-json\/wp\/v2\/comments?post=1318"}],"version-history":[{"count":57,"href":"https:\/\/testing-inspection.ro\/ro\/wp-json\/wp\/v2\/pages\/1318\/revisions"}],"predecessor-version":[{"id":2273,"href":"https:\/\/testing-inspection.ro\/ro\/wp-json\/wp\/v2\/pages\/1318\/revisions\/2273"}],"wp:attachment":[{"href":"https:\/\/testing-inspection.ro\/ro\/wp-json\/wp\/v2\/media?parent=1318"}],"curies":[{"name":"wp","href":"https:\/\/api.w.org\/{rel}","templated":true}]}}