{"id":1319,"date":"2026-01-13T14:25:08","date_gmt":"2026-01-13T12:25:08","guid":{"rendered":"https:\/\/testing-inspection.ro\/about\/"},"modified":"2026-01-13T15:06:06","modified_gmt":"2026-01-13T13:06:06","slug":"about","status":"publish","type":"page","link":"https:\/\/testing-inspection.ro\/ro\/about\/","title":{"rendered":"Despre noi"},"content":{"rendered":"<div data-elementor-type=\"wp-page\" data-elementor-id=\"1319\" class=\"elementor elementor-1319\">\n\t\t\t\t<div class=\"elementor-element elementor-element-dcfb448 e-flex e-con-boxed e-con e-parent\" data-id=\"dcfb448\" data-element_type=\"container\" data-e-type=\"container\" data-settings=\"{&quot;background_background&quot;:&quot;classic&quot;}\">\n\t\t\t\t\t<div class=\"e-con-inner\">\n\t\t<div class=\"elementor-element elementor-element-d21b7e0 e-flex e-con-boxed e-con e-child\" data-id=\"d21b7e0\" data-element_type=\"container\" data-e-type=\"container\">\n\t\t\t\t\t<div class=\"e-con-inner\">\n\t\t\t\t<div class=\"elementor-element elementor-element-e9fd9dc elementor-widget elementor-widget-heading\" data-id=\"e9fd9dc\" data-element_type=\"widget\" data-e-type=\"widget\" data-widget_type=\"heading.default\">\n\t\t\t\t<div class=\"elementor-widget-container\">\n\t\t\t\t\t<h1 class=\"elementor-heading-title elementor-size-default\">Despre noi<\/h1>\t\t\t\t<\/div>\n\t\t\t\t<\/div>\n\t\t\t\t\t<\/div>\n\t\t\t\t<\/div>\n\t\t\t\t\t<\/div>\n\t\t\t\t<\/div>\n\t\t<div class=\"elementor-element elementor-element-4d7b75f e-flex e-con-boxed e-con e-parent\" data-id=\"4d7b75f\" data-element_type=\"container\" data-e-type=\"container\">\n\t\t\t\t\t<div class=\"e-con-inner\">\n\t\t\t\t<div class=\"elementor-element elementor-element-03f11d5 elementor-widget elementor-widget-heading\" data-id=\"03f11d5\" data-element_type=\"widget\" data-e-type=\"widget\" data-widget_type=\"heading.default\">\n\t\t\t\t<div class=\"elementor-widget-container\">\n\t\t\t\t\t<h2 class=\"elementor-heading-title elementor-size-default\">TIS Testing and Inspection Service Ltd.<\/h2>\t\t\t\t<\/div>\n\t\t\t\t<\/div>\n\t\t\t\t<div class=\"elementor-element elementor-element-b66541f elementor-widget elementor-widget-text-editor\" data-id=\"b66541f\" data-element_type=\"widget\" data-e-type=\"widget\" data-widget_type=\"text-editor.default\">\n\t\t\t\t<div class=\"elementor-widget-container\">\n\t\t\t\t\t\t\t\t\t<p class=\"translation-block\"><strong>TIS Testing and Inspection Service Ltd.<\/strong> este o companie independent\u0103 de inspec\u021bie, cu sediul central \u00een <strong>Portul Constan\u021ba<\/strong> \u0219i o sucursal\u0103 \u00een <strong>Br\u0103ila (Portul Dun\u0103rii)<\/strong>. Oferim <strong>servicii profesionale de inspec\u021bie a calit\u0103\u021bii \u0219i cantit\u0103\u021bii<\/strong>, cu accent pe <strong>cereale \u0219i produse agricole<\/strong>, oper\u00e2nd \u00een porturi maritime \u0219i fluviale, precum \u0219i \u00een silozuri interioare.<\/p>\t\t\t\t\t\t\t\t<\/div>\n\t\t\t\t<\/div>\n\t\t\t\t\t<\/div>\n\t\t\t\t<\/div>\n\t\t<div class=\"elementor-element elementor-element-3d5d906 e-flex e-con-boxed e-con e-parent\" data-id=\"3d5d906\" data-element_type=\"container\" data-e-type=\"container\">\n\t\t\t\t\t<div class=\"e-con-inner\">\n\t\t\t\t<div class=\"elementor-element elementor-element-be2a2a0 elementor-widget elementor-widget-heading\" data-id=\"be2a2a0\" data-element_type=\"widget\" data-e-type=\"widget\" data-widget_type=\"heading.default\">\n\t\t\t\t<div class=\"elementor-widget-container\">\n\t\t\t\t\t<h2 class=\"elementor-heading-title elementor-size-default\">Prezen\u021ba \u0219i acoperirea noastr\u0103<\/h2>\t\t\t\t<\/div>\n\t\t\t\t<\/div>\n\t\t\t\t<div class=\"elementor-element elementor-element-71ba95e elementor-widget elementor-widget-text-editor\" data-id=\"71ba95e\" data-element_type=\"widget\" data-e-type=\"widget\" data-widget_type=\"text-editor.default\">\n\t\t\t\t<div class=\"elementor-widget-container\">\n\t\t\t\t\t\t\t\t\t<p>Din birourile noastre din Constan\u021ba \u0219i Br\u0103ila, asigur\u0103m acoperire opera\u021bional\u0103 complet\u0103 pentru:<\/p><ul><li class=\"translation-block\">Porturi maritime rom\u00e2ne\u0219ti: <strong>Constan\u021ba, Constan\u021ba Sud \u2013 Agigea, Mangalia<\/strong><\/li><li class=\"translation-block\">Toate <strong>porturile rom\u00e2ne\u0219ti de pe Dun\u0103re<\/strong><\/li><li class=\"translation-block\">Porturi maritime bulgare: <strong>Burgas, Varna, Balchik<\/strong><\/li><li class=\"translation-block\">Toate <strong>porturile bulgare de pe Dun\u0103re<\/strong><\/li><\/ul><p>Aceast\u0103 pozi\u021bionare strategic\u0103 ne permite s\u0103 r\u0103spundem prompt \u0219i eficient cerin\u021belor de inspec\u021bie ale clien\u021bilor no\u0219tri din \u00eentreaga regiune.<\/p>\t\t\t\t\t\t\t\t<\/div>\n\t\t\t\t<\/div>\n\t\t\t\t\t<\/div>\n\t\t\t\t<\/div>\n\t\t<div class=\"elementor-element elementor-element-a0fb723 e-flex e-con-boxed e-con e-parent\" data-id=\"a0fb723\" data-element_type=\"container\" data-e-type=\"container\">\n\t\t\t\t\t<div class=\"e-con-inner\">\n\t\t\t\t<div class=\"elementor-element elementor-element-8eed9a3 elementor-widget elementor-widget-heading\" data-id=\"8eed9a3\" data-element_type=\"widget\" data-e-type=\"widget\" data-widget_type=\"heading.default\">\n\t\t\t\t<div class=\"elementor-widget-container\">\n\t\t\t\t\t<h2 class=\"elementor-heading-title elementor-size-default\">Echipa noastr\u0103<\/h2>\t\t\t\t<\/div>\n\t\t\t\t<\/div>\n\t\t\t\t<div class=\"elementor-element elementor-element-2f8e640 elementor-widget elementor-widget-text-editor\" data-id=\"2f8e640\" data-element_type=\"widget\" data-e-type=\"widget\" data-widget_type=\"text-editor.default\">\n\t\t\t\t<div class=\"elementor-widget-container\">\n\t\t\t\t\t\t\t\t\t<p class=\"translation-block\">Compania noastr\u0103 are \u00een componen\u021b\u0103 <strong>25 de profesioni\u0219ti califica\u021bi<\/strong>, fiecare cu o experien\u021b\u0103 de minimum <strong>cinci ani \u00een domeniu<\/strong>. To\u021bi inspectorii \u0219i anali\u0219tii sunt foarte bine preg\u0103ti\u021bi \u0219i se angajeaz\u0103 s\u0103 ofere <strong>servicii precise, fiabile \u0219i impar\u021biale<\/strong>, \u00een conformitate cu standardele interna\u021bionale.<\/p>\t\t\t\t\t\t\t\t<\/div>\n\t\t\t\t<\/div>\n\t\t\t\t\t<\/div>\n\t\t\t\t<\/div>\n\t\t<div class=\"elementor-element elementor-element-94e71b3 e-flex e-con-boxed e-con e-parent\" data-id=\"94e71b3\" data-element_type=\"container\" data-e-type=\"container\">\n\t\t\t\t\t<div class=\"e-con-inner\">\n\t\t\t\t<div class=\"elementor-element elementor-element-727e356 elementor-widget elementor-widget-heading\" data-id=\"727e356\" data-element_type=\"widget\" data-e-type=\"widget\" data-widget_type=\"heading.default\">\n\t\t\t\t<div class=\"elementor-widget-container\">\n\t\t\t\t\t<h2 class=\"elementor-heading-title elementor-size-default\">Independen\u021b\u0103 \u0219i integritate<\/h2>\t\t\t\t<\/div>\n\t\t\t\t<\/div>\n\t\t\t\t<div class=\"elementor-element elementor-element-0c94fdd elementor-widget elementor-widget-text-editor\" data-id=\"0c94fdd\" data-element_type=\"widget\" data-e-type=\"widget\" data-widget_type=\"text-editor.default\">\n\t\t\t\t<div class=\"elementor-widget-container\">\n\t\t\t\t\t\t\t\t\t<p class=\"translation-block\">TIS Testing and Inspection Service Ltd. se dedic\u0103 exclusiv activit\u0103\u021bilor de inspec\u021bie \u0219i control al calit\u0103\u021bii. Nu suntem implica\u021bi \u00een niciun fel de opera\u021biuni auxiliare care ar putea genera conflicte de interese, cum ar fi:<\/p><ul><li>Comercializare<\/li><li>Asigurare<\/li><li>Expediere<\/li><li>Transport<\/li><li>Depozitare<\/li><\/ul><p class=\"translation-block\">Aceast\u0103 independen\u021b\u0103 garanteaz\u0103 <strong>obiectivitatea, transparen\u021ba \u0219i protec\u021bia deplin\u0103 a intereselor clien\u021bilor no\u0219tri.<\/strong><\/p>\t\t\t\t\t\t\t\t<\/div>\n\t\t\t\t<\/div>\n\t\t\t\t\t<\/div>\n\t\t\t\t<\/div>\n\t\t<div class=\"elementor-element elementor-element-183f131 e-flex e-con-boxed e-con e-parent\" data-id=\"183f131\" data-element_type=\"container\" data-e-type=\"container\">\n\t\t\t\t\t<div class=\"e-con-inner\">\n\t\t\t\t<div class=\"elementor-element elementor-element-430dc15 elementor-widget elementor-widget-heading\" data-id=\"430dc15\" data-element_type=\"widget\" data-e-type=\"widget\" data-widget_type=\"heading.default\">\n\t\t\t\t<div class=\"elementor-widget-container\">\n\t\t\t\t\t<h2 class=\"elementor-heading-title elementor-size-default\">Protejarea intereselor clien\u021bilor no\u0219tri<\/h2>\t\t\t\t<\/div>\n\t\t\t\t<\/div>\n\t\t\t\t<div class=\"elementor-element elementor-element-d535711 elementor-widget elementor-widget-text-editor\" data-id=\"d535711\" data-element_type=\"widget\" data-e-type=\"widget\" data-widget_type=\"text-editor.default\">\n\t\t\t\t<div class=\"elementor-widget-container\">\n\t\t\t\t\t\t\t\t\t<p class=\"translation-block\">Reprezent\u0103m clien\u021bii no\u0219tri pe parcursul \u00eentregului proces de <strong>produc\u021bie, depozitare, \u00eenc\u0103rcare \u0219i expediere<\/strong> a m\u0103rfurilor lor, asigur\u00e2nd respectarea deplin\u0103 a specifica\u021biilor stipulate \u00een contractele comerciale.<\/p><p class=\"translation-block\">\u00cen timp ce b\u0103ncile evalueaz\u0103 doar conformitatea documentelor atunci c\u00e2nd sunt prezentate acreditivele, <strong>certificatele noastre de inspec\u021bie ofer\u0103 confirmarea fizic\u0103<\/strong> a existen\u021bei, st\u0103rii \u0219i conformit\u0103\u021bii m\u0103rfurilor. Aceast\u0103 leg\u0103tur\u0103 esen\u021bial\u0103 \u00eentre documenta\u021bie \u0219i realitate permite efectuarea de pl\u0103\u021bi sigure \u0219i justificate \u00eentre cump\u0103r\u0103tori \u0219i v\u00e2nz\u0103tori.<\/p>\t\t\t\t\t\t\t\t<\/div>\n\t\t\t\t<\/div>\n\t\t\t\t\t<\/div>\n\t\t\t\t<\/div>\n\t\t<div class=\"elementor-element elementor-element-3500bf2 e-flex e-con-boxed e-con e-parent\" data-id=\"3500bf2\" data-element_type=\"container\" data-e-type=\"container\">\n\t\t\t\t\t<div class=\"e-con-inner\">\n\t\t\t\t<div class=\"elementor-element elementor-element-2679388 elementor-widget elementor-widget-heading\" data-id=\"2679388\" data-element_type=\"widget\" data-e-type=\"widget\" data-widget_type=\"heading.default\">\n\t\t\t\t<div class=\"elementor-widget-container\">\n\t\t\t\t\t<h2 class=\"elementor-heading-title elementor-size-default\">Recunoa\u0219terea ca profesioni\u0219ti<\/h2>\t\t\t\t<\/div>\n\t\t\t\t<\/div>\n\t\t\t\t<div class=\"elementor-element elementor-element-5166a68 elementor-widget elementor-widget-text-editor\" data-id=\"5166a68\" data-element_type=\"widget\" data-e-type=\"widget\" data-widget_type=\"text-editor.default\">\n\t\t\t\t<div class=\"elementor-widget-container\">\n\t\t\t\t\t\t\t\t\t<p>TIS Testing and Inspection Service Ltd. este membru recunoscut al:<\/p><ul><li class=\"translation-block\"><strong>FOSFA<\/strong> \u2013 Federa\u021bia Asocia\u021biilor de Uleiuri, Semin\u021be \u0219i Gr\u0103simi<br>(Superintendent \u0219i analist)<\/li><li class=\"translation-block\"><strong>GAFTA<\/strong> \u2013 Asocia\u021bia pentru comer\u021bul cu cereale \u0219i furaje<\/li><\/ul><p>(Inspector \u0219i analist)<\/p>\t\t\t\t\t\t\t\t<\/div>\n\t\t\t\t<\/div>\n\t\t\t\t\t<\/div>\n\t\t\t\t<\/div>\n\t\t<div class=\"elementor-element elementor-element-33534ec e-flex e-con-boxed e-con e-parent\" data-id=\"33534ec\" data-element_type=\"container\" data-e-type=\"container\">\n\t\t\t\t\t<div class=\"e-con-inner\">\n\t\t\t\t<div class=\"elementor-element elementor-element-7648e45 elementor-widget elementor-widget-heading\" data-id=\"7648e45\" data-element_type=\"widget\" data-e-type=\"widget\" data-widget_type=\"heading.default\">\n\t\t\t\t<div class=\"elementor-widget-container\">\n\t\t\t\t\t<h2 class=\"elementor-heading-title elementor-size-default\">Angajamentul fa\u021b\u0103 de excelen\u021b\u0103<\/h2>\t\t\t\t<\/div>\n\t\t\t\t<\/div>\n\t\t\t\t<div class=\"elementor-element elementor-element-332e1ce elementor-widget elementor-widget-text-editor\" data-id=\"332e1ce\" data-element_type=\"widget\" data-e-type=\"widget\" data-widget_type=\"text-editor.default\">\n\t\t\t\t<div class=\"elementor-widget-container\">\n\t\t\t\t\t\t\t\t\t<p class=\"translation-block\">Clien\u021bii no\u0219tri ne apreciaz\u0103 pentru <strong>standardele \u00eenalte de acurate\u021be, integritate \u0219i confiden\u021bialitate<\/strong>, sus\u021binute de un sistem de raportare robust \u0219i analitic, conceput pentru a furniza date precise \u0219i fiabile.<\/p><p class=\"translation-block\">Investim continuu \u00een modernizarea <strong>facilit\u0103\u021bilor noastre de laborator<\/strong>, extinz\u00e2nd at\u00e2t <strong>calitatea, c\u00e2t \u0219i gama<\/strong> serviciilor noastre, pentru a r\u0103spunde cerin\u021belor \u00een continu\u0103 evolu\u021bie ale industriei \u0219i standardelor interna\u021bionale.<\/p>\t\t\t\t\t\t\t\t<\/div>\n\t\t\t\t<\/div>\n\t\t\t\t\t<\/div>\n\t\t\t\t<\/div>\n\t\t\t\t<\/div>","protected":false},"excerpt":{"rendered":"<p>About us TIS Testing and Inspection Service Ltd. TIS Testing and Inspection Service Ltd. is an independent inspection company, headquartered in Constan\u021ba Port, with a branch office in Br\u0103ila (Danube Port). We provide professional quality and quantity inspection services, with a strong focus on cereals and agricultural commodities, operating in maritime and fluvial ports as [&hellip;]<\/p>","protected":false},"author":1,"featured_media":0,"parent":0,"menu_order":0,"comment_status":"closed","ping_status":"closed","template":"","meta":{"site-sidebar-layout":"no-sidebar","site-content-layout":"page-builder","ast-site-content-layout":"default","site-content-style":"default","site-sidebar-style":"default","ast-global-header-display":"","ast-banner-title-visibility":"","ast-main-header-display":"","ast-hfb-above-header-display":"","ast-hfb-below-header-display":"","ast-hfb-mobile-header-display":"","site-post-title":"disabled","ast-breadcrumbs-content":"","ast-featured-img":"disabled","footer-sml-layout":"","ast-disable-related-posts":"","theme-transparent-header-meta":"enabled","adv-header-id-meta":"","stick-header-meta":"","header-above-stick-meta":"","header-main-stick-meta":"","header-below-stick-meta":"","astra-migrate-meta-layouts":"default","ast-page-background-enabled":"default","ast-page-background-meta":{"desktop":{"background-color":"var(--ast-global-color-4)","background-image":"","background-repeat":"repeat","background-position":"center center","background-size":"auto","background-attachment":"scroll","background-type":"","background-media":"","overlay-type":"","overlay-color":"","overlay-opacity":"","overlay-gradient":""},"tablet":{"background-color":"","background-image":"","background-repeat":"repeat","background-position":"center center","background-size":"auto","background-attachment":"scroll","background-type":"","background-media":"","overlay-type":"","overlay-color":"","overlay-opacity":"","overlay-gradient":""},"mobile":{"background-color":"","background-image":"","background-repeat":"repeat","background-position":"center center","background-size":"auto","background-attachment":"scroll","background-type":"","background-media":"","overlay-type":"","overlay-color":"","overlay-opacity":"","overlay-gradient":""}},"ast-content-background-meta":{"desktop":{"background-color":"var(--ast-global-color-5)","background-image":"","background-repeat":"repeat","background-position":"center center","background-size":"auto","background-attachment":"scroll","background-type":"","background-media":"","overlay-type":"","overlay-color":"","overlay-opacity":"","overlay-gradient":""},"tablet":{"background-color":"var(--ast-global-color-5)","background-image":"","background-repeat":"repeat","background-position":"center center","background-size":"auto","background-attachment":"scroll","background-type":"","background-media":"","overlay-type":"","overlay-color":"","overlay-opacity":"","overlay-gradient":""},"mobile":{"background-color":"var(--ast-global-color-5)","background-image":"","background-repeat":"repeat","background-position":"center center","background-size":"auto","background-attachment":"scroll","background-type":"","background-media":"","overlay-type":"","overlay-color":"","overlay-opacity":"","overlay-gradient":""}},"footnotes":""},"class_list":["post-1319","page","type-page","status-publish","hentry"],"_links":{"self":[{"href":"https:\/\/testing-inspection.ro\/ro\/wp-json\/wp\/v2\/pages\/1319","targetHints":{"allow":["GET"]}}],"collection":[{"href":"https:\/\/testing-inspection.ro\/ro\/wp-json\/wp\/v2\/pages"}],"about":[{"href":"https:\/\/testing-inspection.ro\/ro\/wp-json\/wp\/v2\/types\/page"}],"author":[{"embeddable":true,"href":"https:\/\/testing-inspection.ro\/ro\/wp-json\/wp\/v2\/users\/1"}],"replies":[{"embeddable":true,"href":"https:\/\/testing-inspection.ro\/ro\/wp-json\/wp\/v2\/comments?post=1319"}],"version-history":[{"count":13,"href":"https:\/\/testing-inspection.ro\/ro\/wp-json\/wp\/v2\/pages\/1319\/revisions"}],"predecessor-version":[{"id":2171,"href":"https:\/\/testing-inspection.ro\/ro\/wp-json\/wp\/v2\/pages\/1319\/revisions\/2171"}],"wp:attachment":[{"href":"https:\/\/testing-inspection.ro\/ro\/wp-json\/wp\/v2\/media?parent=1319"}],"curies":[{"name":"wp","href":"https:\/\/api.w.org\/{rel}","templated":true}]}}