{"id":2172,"date":"2026-01-13T15:06:40","date_gmt":"2026-01-13T13:06:40","guid":{"rendered":"https:\/\/testing-inspection.ro\/?page_id=2172"},"modified":"2026-01-13T15:12:20","modified_gmt":"2026-01-13T13:12:20","slug":"services","status":"publish","type":"page","link":"https:\/\/testing-inspection.ro\/ro\/services\/","title":{"rendered":"Servicii"},"content":{"rendered":"<div data-elementor-type=\"wp-page\" data-elementor-id=\"2172\" class=\"elementor elementor-2172\">\n\t\t\t\t<div class=\"elementor-element elementor-element-dcfb448 e-flex e-con-boxed e-con e-parent\" data-id=\"dcfb448\" data-element_type=\"container\" data-e-type=\"container\" data-settings=\"{&quot;background_background&quot;:&quot;classic&quot;}\">\n\t\t\t\t\t<div class=\"e-con-inner\">\n\t\t<div class=\"elementor-element elementor-element-d21b7e0 e-flex e-con-boxed e-con e-child\" data-id=\"d21b7e0\" data-element_type=\"container\" data-e-type=\"container\">\n\t\t\t\t\t<div class=\"e-con-inner\">\n\t\t\t\t<div class=\"elementor-element elementor-element-e9fd9dc elementor-widget elementor-widget-heading\" data-id=\"e9fd9dc\" data-element_type=\"widget\" data-e-type=\"widget\" data-widget_type=\"heading.default\">\n\t\t\t\t<div class=\"elementor-widget-container\">\n\t\t\t\t\t<h1 class=\"elementor-heading-title elementor-size-default\">Servicii<\/h1>\t\t\t\t<\/div>\n\t\t\t\t<\/div>\n\t\t\t\t\t<\/div>\n\t\t\t\t<\/div>\n\t\t\t\t\t<\/div>\n\t\t\t\t<\/div>\n\t\t<div class=\"elementor-element elementor-element-4d7b75f e-flex e-con-boxed e-con e-parent\" data-id=\"4d7b75f\" data-element_type=\"container\" data-e-type=\"container\">\n\t\t\t\t\t<div class=\"e-con-inner\">\n\t\t\t\t<div class=\"elementor-element elementor-element-03f11d5 elementor-widget elementor-widget-heading\" data-id=\"03f11d5\" data-element_type=\"widget\" data-e-type=\"widget\" data-widget_type=\"heading.default\">\n\t\t\t\t<div class=\"elementor-widget-container\">\n\t\t\t\t\t<h2 class=\"elementor-heading-title elementor-size-default\">TIS Testing and Inspection Service Ltd.<\/h2>\t\t\t\t<\/div>\n\t\t\t\t<\/div>\n\t\t\t\t<div class=\"elementor-element elementor-element-b66541f elementor-widget elementor-widget-text-editor\" data-id=\"b66541f\" data-element_type=\"widget\" data-e-type=\"widget\" data-widget_type=\"text-editor.default\">\n\t\t\t\t<div class=\"elementor-widget-container\">\n\t\t\t\t\t\t\t\t\t<p class=\"translation-block\"><strong>TIS Testing and Inspection Service Ltd.<\/strong> ofer\u0103 asisten\u021b\u0103 complet\u0103 pe parcursul \u00eentregului proces contractual, furniz\u00e2nd servicii independente de inspec\u021bie, testare \u0219i supraveghere \u00een deplin\u0103 conformitate cu standardele interna\u021bionale.<\/p>\t\t\t\t\t\t\t\t<\/div>\n\t\t\t\t<\/div>\n\t\t\t\t\t<\/div>\n\t\t\t\t<\/div>\n\t\t<div class=\"elementor-element elementor-element-bd35b18 e-flex e-con-boxed e-con e-parent\" data-id=\"bd35b18\" data-element_type=\"container\" data-e-type=\"container\">\n\t\t\t\t\t<div class=\"e-con-inner\">\n\t\t\t\t<div class=\"elementor-element elementor-element-77e8ded elementor-widget elementor-widget-heading\" data-id=\"77e8ded\" data-element_type=\"widget\" data-e-type=\"widget\" data-widget_type=\"heading.default\">\n\t\t\t\t<div class=\"elementor-widget-container\">\n\t\t\t\t\t<h2 class=\"elementor-heading-title elementor-size-default\">Servicii de inspec\u021bie \u0219i supraveghere<\/h2>\t\t\t\t<\/div>\n\t\t\t\t<\/div>\n\t\t\t\t<div class=\"elementor-element elementor-element-8af1808 elementor-widget elementor-widget-text-editor\" data-id=\"8af1808\" data-element_type=\"widget\" data-e-type=\"widget\" data-widget_type=\"text-editor.default\">\n\t\t\t\t<div class=\"elementor-widget-container\">\n\t\t\t\t\t\t\t\t\t<ul><li class=\"translation-block\"><strong>Inspec\u021bii interne \u00eenainte de expediere<\/strong> (silozuri, depozite, instala\u021bii de depozitare)<\/li><li class=\"translation-block\"><strong>Inspec\u021bii privind adecvarea spa\u021biilor de \u00eenc\u0103rcare<\/strong> pentru m\u0103rfurile desemnate<\/li><li><strong>Studii preliminare \u0219i studii privind volumul liber<\/strong><\/li><li class=\"translation-block\"><strong>Supravegherea c\u00e2nt\u0103ririi<\/strong> pentru camioane \u0219i vagoane de cale ferat\u0103<\/li><li><strong>Supravegherea \u00eenc\u0103rc\u0103rii \u0219i desc\u0103rc\u0103rii<\/strong><\/li><li class=\"translation-block\">Monitorizarea continu\u0103 a opera\u021biunilor de manipulare a m\u0103rfurilor<\/li><li><strong>Contabilizarea \u0219i controlul stocurilor<\/strong><\/li><li class=\"translation-block\"><strong>Raportare opera\u021bional\u0103 regulat\u0103<\/strong> \u00een timpul \u00eenc\u0103rc\u0103rii \u0219i desc\u0103rc\u0103rii<\/li><li class=\"translation-block\">Documenta\u021bie fotografic\u0103 complet\u0103<\/li><li class=\"translation-block\">Emiterea de <strong>scrisori de protest<\/strong><\/li><\/ul>\t\t\t\t\t\t\t\t<\/div>\n\t\t\t\t<\/div>\n\t\t\t\t\t<\/div>\n\t\t\t\t<\/div>\n\t\t<div class=\"elementor-element elementor-element-74ebaa8 e-flex e-con-boxed e-con e-parent\" data-id=\"74ebaa8\" data-element_type=\"container\" data-e-type=\"container\">\n\t\t\t\t\t<div class=\"e-con-inner\">\n\t\t\t\t<div class=\"elementor-element elementor-element-8aa26f2 elementor-widget elementor-widget-heading\" data-id=\"8aa26f2\" data-element_type=\"widget\" data-e-type=\"widget\" data-widget_type=\"heading.default\">\n\t\t\t\t<div class=\"elementor-widget-container\">\n\t\t\t\t\t<h2 class=\"elementor-heading-title elementor-size-default\">Controlul calit\u0103\u021bii \u0219i e\u0219antionarea<\/h2>\t\t\t\t<\/div>\n\t\t\t\t<\/div>\n\t\t\t\t<div class=\"elementor-element elementor-element-4946096 elementor-widget elementor-widget-text-editor\" data-id=\"4946096\" data-element_type=\"widget\" data-e-type=\"widget\" data-widget_type=\"text-editor.default\">\n\t\t\t\t<div class=\"elementor-widget-container\">\n\t\t\t\t\t\t\t\t\t<ul><li class=\"translation-block\"><strong>Quality control services<\/strong> for agricultural and bulk commodities<\/li><li class=\"translation-block\"><strong>Prelevarea de probe pe parcursul opera\u021biunilor de \u00eenc\u0103rcare \u0219i desc\u0103rcare<\/strong>, \u00een conformitate cu standardele ISO aplicabile<\/li><li class=\"translation-block\">Preg\u0103tirea corespunz\u0103toare a probelor \u00een conformitate cu procedurile interna\u021bionale recunoscute<\/li><li class=\"translation-block\"><strong>Expediere e\u0219antion prin curier special<\/strong>, la cerere<\/li><li class=\"translation-block\"><strong>Analiza fizic\u0103 la fa\u021ba locului \u00een timpul \u00eenc\u0103rc\u0103rii<\/strong>, care permite alerte imediate \u00een cazul abaterilor de la specifica\u021biile contractuale (ISO, GAFTA, FOSFA)<\/li><\/ul>\t\t\t\t\t\t\t\t<\/div>\n\t\t\t\t<\/div>\n\t\t\t\t\t<\/div>\n\t\t\t\t<\/div>\n\t\t<div class=\"elementor-element elementor-element-4d2cae5 e-flex e-con-boxed e-con e-parent\" data-id=\"4d2cae5\" data-element_type=\"container\" data-e-type=\"container\">\n\t\t\t\t\t<div class=\"e-con-inner\">\n\t\t\t\t<div class=\"elementor-element elementor-element-42d3f5f elementor-widget elementor-widget-heading\" data-id=\"42d3f5f\" data-element_type=\"widget\" data-e-type=\"widget\" data-widget_type=\"heading.default\">\n\t\t\t\t<div class=\"elementor-widget-container\">\n\t\t\t\t\t<h2 class=\"elementor-heading-title elementor-size-default\">Analize de laborator<\/h2>\t\t\t\t<\/div>\n\t\t\t\t<\/div>\n\t\t\t\t<div class=\"elementor-element elementor-element-4987128 elementor-widget elementor-widget-text-editor\" data-id=\"4987128\" data-element_type=\"widget\" data-e-type=\"widget\" data-widget_type=\"text-editor.default\">\n\t\t\t\t<div class=\"elementor-widget-container\">\n\t\t\t\t\t\t\t\t\t<ul><li class=\"translation-block\"><strong>Analize chimice \u0219i tehnologice<\/strong> efectuate \u00een laboratoarele noastre<\/li><li class=\"translation-block\">Toate analizele efectuate \u00een conformitate cu <strong>standardele ISO, GAFTA \u0219i FOSFA<\/strong><\/li><\/ul>\t\t\t\t\t\t\t\t<\/div>\n\t\t\t\t<\/div>\n\t\t\t\t\t<\/div>\n\t\t\t\t<\/div>\n\t\t<div class=\"elementor-element elementor-element-6ce3d99 e-flex e-con-boxed e-con e-parent\" data-id=\"6ce3d99\" data-element_type=\"container\" data-e-type=\"container\">\n\t\t\t\t\t<div class=\"e-con-inner\">\n\t\t\t\t<div class=\"elementor-element elementor-element-cfe94e3 elementor-widget elementor-widget-heading\" data-id=\"cfe94e3\" data-element_type=\"widget\" data-e-type=\"widget\" data-widget_type=\"heading.default\">\n\t\t\t\t<div class=\"elementor-widget-container\">\n\t\t\t\t\t<h2 class=\"elementor-heading-title elementor-size-default\">Fumigare \u0219i certificare<\/h2>\t\t\t\t<\/div>\n\t\t\t\t<\/div>\n\t\t\t\t<div class=\"elementor-element elementor-element-baf26a3 elementor-widget elementor-widget-text-editor\" data-id=\"baf26a3\" data-element_type=\"widget\" data-e-type=\"widget\" data-widget_type=\"text-editor.default\">\n\t\t\t\t<div class=\"elementor-widget-container\">\n\t\t\t\t\t\t\t\t\t<ul><li class=\"translation-block\"><strong>Supravegherea fumiga\u021biei<\/strong> \u00een conformitate cu GAFTA, FOSFA \u0219i reglement\u0103rile interna\u021bionale<\/li><li class=\"translation-block\"><strong>Eliberarea certificatelor bancare interna\u021bionale<\/strong> \u00een conformitate cu regulile GAFTA \u0219i FOSFA<\/li><\/ul>\t\t\t\t\t\t\t\t<\/div>\n\t\t\t\t<\/div>\n\t\t\t\t\t<\/div>\n\t\t\t\t<\/div>\n\t\t<div class=\"elementor-element elementor-element-a858b50 e-flex e-con-boxed e-con e-parent\" data-id=\"a858b50\" data-element_type=\"container\" data-e-type=\"container\">\n\t\t\t\t\t<div class=\"e-con-inner\">\n\t\t\t\t<div class=\"elementor-element elementor-element-621e9aa elementor-widget elementor-widget-heading\" data-id=\"621e9aa\" data-element_type=\"widget\" data-e-type=\"widget\" data-widget_type=\"heading.default\">\n\t\t\t\t<div class=\"elementor-widget-container\">\n\t\t\t\t\t<h2 class=\"elementor-heading-title elementor-size-default\">Servicii suplimentare<\/h2>\t\t\t\t<\/div>\n\t\t\t\t<\/div>\n\t\t\t\t<div class=\"elementor-element elementor-element-6495115 elementor-widget elementor-widget-text-editor\" data-id=\"6495115\" data-element_type=\"widget\" data-e-type=\"widget\" data-widget_type=\"text-editor.default\">\n\t\t\t\t<div class=\"elementor-widget-container\">\n\t\t\t\t\t\t\t\t\t<ul><li class=\"translation-block\">Orice <strong>servicii suplimentare de inspec\u021bie, testare sau supraveghere<\/strong> solicitate de clien\u021bii no\u0219tri \u0219i stipulate \u00een acordurile contractuale.<\/li><\/ul>\t\t\t\t\t\t\t\t<\/div>\n\t\t\t\t<\/div>\n\t\t\t\t\t<\/div>\n\t\t\t\t<\/div>\n\t\t<div class=\"elementor-element elementor-element-81bcce0 e-flex e-con-boxed e-con e-parent\" data-id=\"81bcce0\" data-element_type=\"container\" data-e-type=\"container\">\n\t\t\t\t\t<div class=\"e-con-inner\">\n\t\t\t\t<div class=\"elementor-element elementor-element-0a899bb elementor-widget elementor-widget-heading\" data-id=\"0a899bb\" data-element_type=\"widget\" data-e-type=\"widget\" data-widget_type=\"heading.default\">\n\t\t\t\t<div class=\"elementor-widget-container\">\n\t\t\t\t\t<h2 class=\"elementor-heading-title elementor-size-default\">Echipamente profesionale \u0219i raportare<\/h2>\t\t\t\t<\/div>\n\t\t\t\t<\/div>\n\t\t\t\t<div class=\"elementor-element elementor-element-2746e35 elementor-widget elementor-widget-text-editor\" data-id=\"2746e35\" data-element_type=\"widget\" data-e-type=\"widget\" data-widget_type=\"text-editor.default\">\n\t\t\t\t<div class=\"elementor-widget-container\">\n\t\t\t\t\t\t\t\t\t<ul><li class=\"translation-block\">To\u021bi inspectorii sunt echipa\u021bi cu <strong>echipamente mobile moderne<\/strong> pentru prelevarea de probe, analiz\u0103 \u0219i comunicare \u00een timp real. Acest lucru ne permite s\u0103 inform\u0103m prompt clien\u021bii cu privire la orice discrepan\u021be, contamin\u0103ri, deterior\u0103ri sau nereguli identificate \u00een timpul inspec\u021biilor preliminare sau al opera\u021biunilor de \u00eenc\u0103rcare \u0219i desc\u0103rcare.<\/li><li class=\"translation-block\">Rapoarte de inspec\u021bie complete, incluz\u00e2nd dovezi fotografice digitale, sunt emise \u0219i livrate prin e-mail imediat dup\u0103 finalizarea misiunii.<\/li><\/ul>\t\t\t\t\t\t\t\t<\/div>\n\t\t\t\t<\/div>\n\t\t\t\t\t<\/div>\n\t\t\t\t<\/div>\n\t\t<div class=\"elementor-element elementor-element-ff14a8a e-flex e-con-boxed e-con e-parent\" data-id=\"ff14a8a\" data-element_type=\"container\" data-e-type=\"container\">\n\t\t\t\t\t<div class=\"e-con-inner\">\n\t\t\t\t<div class=\"elementor-element elementor-element-d7c5e0b elementor-widget elementor-widget-heading\" data-id=\"d7c5e0b\" data-element_type=\"widget\" data-e-type=\"widget\" data-widget_type=\"heading.default\">\n\t\t\t\t<div class=\"elementor-widget-container\">\n\t\t\t\t\t<h2 class=\"elementor-heading-title elementor-size-default\">Servicii maritime<\/h2>\t\t\t\t<\/div>\n\t\t\t\t<\/div>\n\t\t\t\t<div class=\"elementor-element elementor-element-0029f25 elementor-widget elementor-widget-text-editor\" data-id=\"0029f25\" data-element_type=\"widget\" data-e-type=\"widget\" data-widget_type=\"text-editor.default\">\n\t\t\t\t<div class=\"elementor-widget-container\">\n\t\t\t\t\t\t\t\t\t<p class=\"translation-block\">Serviciul de testare \u0219i inspec\u021bie ofer\u0103, de asemenea, o gam\u0103 complet\u0103 de <strong>servicii maritime<\/strong>, asigur\u00e2nd:<\/p><ul><li class=\"translation-block\">Determinarea precis\u0103 a greut\u0103\u021bii \u00eenc\u0103rc\u0103turii<\/li><li class=\"translation-block\">Evaluarea corect\u0103 a <strong>condi\u021biilor de depozitare<\/strong><\/li><li class=\"translation-block\">Evaluarea <strong>metodelor de manipulare<\/strong> aplicate pe tot parcursul lan\u021bului logistic<\/li><\/ul><p class=\"translation-block\">Serviciile noastre sunt concepute pentru a oferi <strong>precizie, transparen\u021b\u0103 \u0219i \u00eencredere<\/strong> \u00een fiecare etap\u0103 a lan\u021bului dvs. de aprovizionare.<\/p>\t\t\t\t\t\t\t\t<\/div>\n\t\t\t\t<\/div>\n\t\t\t\t\t<\/div>\n\t\t\t\t<\/div>\n\t\t\t\t<\/div>","protected":false},"excerpt":{"rendered":"<p>Services TIS Testing and Inspection Service Ltd. TIS Testing and Inspection Service Ltd. provides comprehensive support throughout the entire contractual process, delivering independent inspection, testing, and supervision services in full compliance with international standards. Inspection &amp; Supervision Services Inland pre-shipment inspections (silos, warehouses, storage facilities) Cargo holds suitability inspections for nominated cargo Draft surveys and [&hellip;]<\/p>","protected":false},"author":1,"featured_media":0,"parent":0,"menu_order":0,"comment_status":"closed","ping_status":"closed","template":"","meta":{"site-sidebar-layout":"no-sidebar","site-content-layout":"page-builder","ast-site-content-layout":"default","site-content-style":"default","site-sidebar-style":"default","ast-global-header-display":"","ast-banner-title-visibility":"","ast-main-header-display":"","ast-hfb-above-header-display":"","ast-hfb-below-header-display":"","ast-hfb-mobile-header-display":"","site-post-title":"disabled","ast-breadcrumbs-content":"","ast-featured-img":"disabled","footer-sml-layout":"","ast-disable-related-posts":"","theme-transparent-header-meta":"enabled","adv-header-id-meta":"","stick-header-meta":"","header-above-stick-meta":"","header-main-stick-meta":"","header-below-stick-meta":"","astra-migrate-meta-layouts":"default","ast-page-background-enabled":"default","ast-page-background-meta":{"desktop":{"background-color":"var(--ast-global-color-4)","background-image":"","background-repeat":"repeat","background-position":"center center","background-size":"auto","background-attachment":"scroll","background-type":"","background-media":"","overlay-type":"","overlay-color":"","overlay-opacity":"","overlay-gradient":""},"tablet":{"background-color":"","background-image":"","background-repeat":"repeat","background-position":"center center","background-size":"auto","background-attachment":"scroll","background-type":"","background-media":"","overlay-type":"","overlay-color":"","overlay-opacity":"","overlay-gradient":""},"mobile":{"background-color":"","background-image":"","background-repeat":"repeat","background-position":"center center","background-size":"auto","background-attachment":"scroll","background-type":"","background-media":"","overlay-type":"","overlay-color":"","overlay-opacity":"","overlay-gradient":""}},"ast-content-background-meta":{"desktop":{"background-color":"var(--ast-global-color-5)","background-image":"","background-repeat":"repeat","background-position":"center center","background-size":"auto","background-attachment":"scroll","background-type":"","background-media":"","overlay-type":"","overlay-color":"","overlay-opacity":"","overlay-gradient":""},"tablet":{"background-color":"var(--ast-global-color-5)","background-image":"","background-repeat":"repeat","background-position":"center center","background-size":"auto","background-attachment":"scroll","background-type":"","background-media":"","overlay-type":"","overlay-color":"","overlay-opacity":"","overlay-gradient":""},"mobile":{"background-color":"var(--ast-global-color-5)","background-image":"","background-repeat":"repeat","background-position":"center center","background-size":"auto","background-attachment":"scroll","background-type":"","background-media":"","overlay-type":"","overlay-color":"","overlay-opacity":"","overlay-gradient":""}},"footnotes":""},"class_list":["post-2172","page","type-page","status-publish","hentry"],"_links":{"self":[{"href":"https:\/\/testing-inspection.ro\/ro\/wp-json\/wp\/v2\/pages\/2172","targetHints":{"allow":["GET"]}}],"collection":[{"href":"https:\/\/testing-inspection.ro\/ro\/wp-json\/wp\/v2\/pages"}],"about":[{"href":"https:\/\/testing-inspection.ro\/ro\/wp-json\/wp\/v2\/types\/page"}],"author":[{"embeddable":true,"href":"https:\/\/testing-inspection.ro\/ro\/wp-json\/wp\/v2\/users\/1"}],"replies":[{"embeddable":true,"href":"https:\/\/testing-inspection.ro\/ro\/wp-json\/wp\/v2\/comments?post=2172"}],"version-history":[{"count":7,"href":"https:\/\/testing-inspection.ro\/ro\/wp-json\/wp\/v2\/pages\/2172\/revisions"}],"predecessor-version":[{"id":2180,"href":"https:\/\/testing-inspection.ro\/ro\/wp-json\/wp\/v2\/pages\/2172\/revisions\/2180"}],"wp:attachment":[{"href":"https:\/\/testing-inspection.ro\/ro\/wp-json\/wp\/v2\/media?parent=2172"}],"curies":[{"name":"wp","href":"https:\/\/api.w.org\/{rel}","templated":true}]}}